{"id":69,"date":"2010-12-09T21:17:57","date_gmt":"2010-12-09T20:17:57","guid":{"rendered":"http:\/\/isakssons.net\/wedding\/?page_id=69"},"modified":"2011-09-13T22:50:35","modified_gmt":"2011-09-13T20:50:35","slug":"startsida","status":"publish","type":"page","link":"https:\/\/isakssons.net\/wedding\/","title":{"rendered":"Startsida"},"content":{"rendered":"<div id=\"attachment_412\" style=\"width: 310px\" class=\"wp-caption aligncenter\"><a href=\"http:\/\/isakssons.net\/wedding\/wp-content\/uploads\/2010\/12\/DSC_0568.jpg\"><img loading=\"lazy\" decoding=\"async\" aria-describedby=\"caption-attachment-412\" class=\"size-medium wp-image-412\" title=\"Ellinor och Erik\" src=\"http:\/\/isakssons.net\/wedding\/wp-content\/uploads\/2010\/12\/DSC_0568-300x200.jpg\" alt=\"\" width=\"300\" height=\"200\" srcset=\"https:\/\/isakssons.net\/wedding\/wp-content\/uploads\/2010\/12\/DSC_0568-300x200.jpg 300w, https:\/\/isakssons.net\/wedding\/wp-content\/uploads\/2010\/12\/DSC_0568-1024x682.jpg 1024w, https:\/\/isakssons.net\/wedding\/wp-content\/uploads\/2010\/12\/DSC_0568.jpg 1080w\" sizes=\"(max-width: 300px) 100vw, 300px\" \/><\/a><p id=\"caption-attachment-412\" class=\"wp-caption-text\">25\/6-2011<\/p><\/div>\n<p>Ett stort tack till alla som var med och firade v\u00e5r stora dag!<\/p>\n<p>Under rubriken bilder s\u00e5 tar vi tacksamt emot bilder fr\u00e5n de som vill dela med sig. Ett urval av de bilder vi har finns nu under rubriken bildspel. Den kommer att uppdateras n\u00e4r vi har fler bilder.<\/p>\n","protected":false},"excerpt":{"rendered":"<p>Ett stort tack till alla som var med och firade v\u00e5r stora dag! Under rubriken bilder s\u00e5 tar vi tacksamt emot bilder fr\u00e5n de som vill dela med sig. Ett urval av de bilder vi har finns nu under rubriken bildspel. Den kommer att uppdateras n\u00e4r vi har fler bilder.<\/p>\n","protected":false},"author":1,"featured_media":0,"parent":0,"menu_order":1,"comment_status":"open","ping_status":"closed","template":"","meta":{"ngg_post_thumbnail":0,"footnotes":""},"class_list":["post-69","page","type-page","status-publish","hentry"],"_links":{"self":[{"href":"https:\/\/isakssons.net\/wedding\/index.php?rest_route=\/wp\/v2\/pages\/69"}],"collection":[{"href":"https:\/\/isakssons.net\/wedding\/index.php?rest_route=\/wp\/v2\/pages"}],"about":[{"href":"https:\/\/isakssons.net\/wedding\/index.php?rest_route=\/wp\/v2\/types\/page"}],"author":[{"embeddable":true,"href":"https:\/\/isakssons.net\/wedding\/index.php?rest_route=\/wp\/v2\/users\/1"}],"replies":[{"embeddable":true,"href":"https:\/\/isakssons.net\/wedding\/index.php?rest_route=%2Fwp%2Fv2%2Fcomments&post=69"}],"version-history":[{"count":10,"href":"https:\/\/isakssons.net\/wedding\/index.php?rest_route=\/wp\/v2\/pages\/69\/revisions"}],"predecessor-version":[{"id":433,"href":"https:\/\/isakssons.net\/wedding\/index.php?rest_route=\/wp\/v2\/pages\/69\/revisions\/433"}],"wp:attachment":[{"href":"https:\/\/isakssons.net\/wedding\/index.php?rest_route=%2Fwp%2Fv2%2Fmedia&parent=69"}],"curies":[{"name":"wp","href":"https:\/\/api.w.org\/{rel}","templated":true}]}}