{"id":46,"date":"2010-12-09T18:34:19","date_gmt":"2010-12-09T17:34:19","guid":{"rendered":"http:\/\/192.168.0.9\/wedding\/?page_id=46"},"modified":"2011-10-16T23:17:03","modified_gmt":"2011-10-16T21:17:03","slug":"bilder","status":"publish","type":"page","link":"https:\/\/isakssons.net\/wedding\/?page_id=46","title":{"rendered":"Bilder"},"content":{"rendered":"<h2>L\u00e4gg upp era bilder h\u00e4r!<\/h2>\n<p>Vi tar tacksamt emot alla bilder fr\u00e5n v\u00e5rt br\u00f6llop.\u00a0Vi kommer att \u00a0uppdatera bildspelet med de b\u00e4sta bilderna. Det finns \u00e4ven m\u00f6jlighet att anv\u00e4nda ftp f\u00f6r att ladda upp bilder. Skicka ett mail till eewedding@isakssons.net s\u00e5 f\u00e5r du inloggningsuppgifterna.<br \/>\n<iframe loading=\"lazy\" src=\"\/upload\/upload.php\" frameborder=\"0\" marginwidth=\"0px\" marginheight=\"0px\" scrolling=\"auto\" width=\"500px\" height=\"600px\"><\/iframe><\/p>\n","protected":false},"excerpt":{"rendered":"<p>L\u00e4gg upp era bilder h\u00e4r! Vi tar tacksamt emot alla bilder fr\u00e5n v\u00e5rt br\u00f6llop.\u00a0Vi kommer att \u00a0uppdatera bildspelet med de b\u00e4sta bilderna. Det finns \u00e4ven m\u00f6jlighet att anv\u00e4nda ftp f\u00f6r att ladda upp bilder. Skicka ett mail till eewedding@isakssons.net s\u00e5 f\u00e5r du inloggningsuppgifterna.<\/p>\n","protected":false},"author":1,"featured_media":0,"parent":0,"menu_order":15,"comment_status":"closed","ping_status":"closed","template":"","meta":{"ngg_post_thumbnail":0,"footnotes":""},"class_list":["post-46","page","type-page","status-publish","hentry"],"_links":{"self":[{"href":"https:\/\/isakssons.net\/wedding\/index.php?rest_route=\/wp\/v2\/pages\/46"}],"collection":[{"href":"https:\/\/isakssons.net\/wedding\/index.php?rest_route=\/wp\/v2\/pages"}],"about":[{"href":"https:\/\/isakssons.net\/wedding\/index.php?rest_route=\/wp\/v2\/types\/page"}],"author":[{"embeddable":true,"href":"https:\/\/isakssons.net\/wedding\/index.php?rest_route=\/wp\/v2\/users\/1"}],"replies":[{"embeddable":true,"href":"https:\/\/isakssons.net\/wedding\/index.php?rest_route=%2Fwp%2Fv2%2Fcomments&post=46"}],"version-history":[{"count":54,"href":"https:\/\/isakssons.net\/wedding\/index.php?rest_route=\/wp\/v2\/pages\/46\/revisions"}],"predecessor-version":[{"id":74,"href":"https:\/\/isakssons.net\/wedding\/index.php?rest_route=\/wp\/v2\/pages\/46\/revisions\/74"}],"wp:attachment":[{"href":"https:\/\/isakssons.net\/wedding\/index.php?rest_route=%2Fwp%2Fv2%2Fmedia&parent=46"}],"curies":[{"name":"wp","href":"https:\/\/api.w.org\/{rel}","templated":true}]}}