{"id":122,"date":"2011-01-02T13:25:44","date_gmt":"2011-01-02T12:25:44","guid":{"rendered":"http:\/\/isakssons.net\/wedding\/?page_id=122"},"modified":"2011-12-30T13:05:36","modified_gmt":"2011-12-30T12:05:36","slug":"toastmaster","status":"publish","type":"page","link":"https:\/\/isakssons.net\/wedding\/?page_id=122","title":{"rendered":"Toastmaster"},"content":{"rendered":"<div id=\"attachment_128\" style=\"width: 216px\" class=\"wp-caption aligncenter\"><a href=\"http:\/\/isakssons.net\/wedding\/wp-content\/uploads\/2011\/01\/Andrea41.jpg\"><img loading=\"lazy\" decoding=\"async\" aria-describedby=\"caption-attachment-128\" class=\"size-medium wp-image-128 \" title=\"Andrea\" src=\"http:\/\/isakssons.net\/wedding\/wp-content\/uploads\/2011\/01\/Andrea41-206x300.jpg\" alt=\"\" width=\"206\" height=\"300\" srcset=\"https:\/\/isakssons.net\/wedding\/wp-content\/uploads\/2011\/01\/Andrea41-206x300.jpg 206w, https:\/\/isakssons.net\/wedding\/wp-content\/uploads\/2011\/01\/Andrea41.jpg 222w\" sizes=\"(max-width: 206px) 100vw, 206px\" \/><\/a><p id=\"caption-attachment-128\" class=\"wp-caption-text\">V\u00e5r toastmaster Andrea Storbj\u00f6rk<\/p><\/div>\n<p style=\"text-align: center;\">\n<p style=\"text-align: center;\">\n<p style=\"text-align: center;\">Ta g\u00e4rna kontakt med henne om du vill h\u00e5lla tal eller liknande under festen. Det g\u00e5r naturligtvis \u00e4ven bra att anm\u00e4la till henne under br\u00f6llopet.<\/p>\n<p style=\"text-align: center;\">\n","protected":false},"excerpt":{"rendered":"<p>Ta g\u00e4rna kontakt med henne om du vill h\u00e5lla tal eller liknande under festen. Det g\u00e5r naturligtvis \u00e4ven bra att anm\u00e4la till henne under br\u00f6llopet.<\/p>\n","protected":false},"author":2,"featured_media":0,"parent":0,"menu_order":80,"comment_status":"closed","ping_status":"closed","template":"","meta":{"ngg_post_thumbnail":0,"footnotes":""},"class_list":["post-122","page","type-page","status-publish","hentry"],"_links":{"self":[{"href":"https:\/\/isakssons.net\/wedding\/index.php?rest_route=\/wp\/v2\/pages\/122"}],"collection":[{"href":"https:\/\/isakssons.net\/wedding\/index.php?rest_route=\/wp\/v2\/pages"}],"about":[{"href":"https:\/\/isakssons.net\/wedding\/index.php?rest_route=\/wp\/v2\/types\/page"}],"author":[{"embeddable":true,"href":"https:\/\/isakssons.net\/wedding\/index.php?rest_route=\/wp\/v2\/users\/2"}],"replies":[{"embeddable":true,"href":"https:\/\/isakssons.net\/wedding\/index.php?rest_route=%2Fwp%2Fv2%2Fcomments&post=122"}],"version-history":[{"count":27,"href":"https:\/\/isakssons.net\/wedding\/index.php?rest_route=\/wp\/v2\/pages\/122\/revisions"}],"predecessor-version":[{"id":448,"href":"https:\/\/isakssons.net\/wedding\/index.php?rest_route=\/wp\/v2\/pages\/122\/revisions\/448"}],"wp:attachment":[{"href":"https:\/\/isakssons.net\/wedding\/index.php?rest_route=%2Fwp%2Fv2%2Fmedia&parent=122"}],"curies":[{"name":"wp","href":"https:\/\/api.w.org\/{rel}","templated":true}]}}